{"id":61,"date":"2019-11-15T05:49:46","date_gmt":"2019-11-15T05:49:46","guid":{"rendered":"https:\/\/www.lounge8.com\/?page_id=61"},"modified":"2025-09-11T11:23:10","modified_gmt":"2025-09-11T11:23:10","slug":"kontakt","status":"publish","type":"page","link":"https:\/\/www.lounge8.com\/en\/kontakt\/","title":{"rendered":"Contact"},"content":{"rendered":"<div data-elementor-type=\"wp-page\" data-elementor-id=\"61\" class=\"elementor elementor-61\" data-elementor-post-type=\"page\">\n\t\t\t\t\t\t<section class=\"elementor-section elementor-top-section elementor-element elementor-element-443ff7b elementor-section-boxed elementor-section-height-default elementor-section-height-default\" data-id=\"443ff7b\" data-element_type=\"section\" data-e-type=\"section\">\n\t\t\t\t\t\t<div class=\"elementor-container elementor-column-gap-default\">\n\t\t\t\t\t<div class=\"elementor-column elementor-col-100 elementor-top-column elementor-element elementor-element-9ab6fd5\" data-id=\"9ab6fd5\" data-element_type=\"column\" data-e-type=\"column\">\n\t\t\t<div class=\"elementor-widget-wrap elementor-element-populated\">\n\t\t\t\t\t\t<section class=\"elementor-section elementor-inner-section elementor-element elementor-element-d3b85c1 elementor-section-boxed elementor-section-height-default elementor-section-height-default\" data-id=\"d3b85c1\" data-element_type=\"section\" data-e-type=\"section\">\n\t\t\t\t\t\t<div class=\"elementor-container elementor-column-gap-default\">\n\t\t\t\t\t<div class=\"elementor-column elementor-col-33 elementor-inner-column elementor-element elementor-element-208c88d\" data-id=\"208c88d\" data-element_type=\"column\" data-e-type=\"column\">\n\t\t\t<div class=\"elementor-widget-wrap\">\n\t\t\t\t\t\t\t<\/div>\n\t\t<\/div>\n\t\t\t\t<div class=\"elementor-column elementor-col-33 elementor-inner-column elementor-element elementor-element-ec0e9e3\" data-id=\"ec0e9e3\" data-element_type=\"column\" data-e-type=\"column\">\n\t\t\t<div class=\"elementor-widget-wrap elementor-element-populated\">\n\t\t\t\t\t\t<div class=\"elementor-element elementor-element-ac8f38c elementor-widget elementor-widget-heading\" data-id=\"ac8f38c\" data-element_type=\"widget\" data-e-type=\"widget\" data-widget_type=\"heading.default\">\n\t\t\t\t<div class=\"elementor-widget-container\">\n\t\t\t\t\t<h3 class=\"elementor-heading-title elementor-size-default\">Contact<\/h3>\t\t\t\t<\/div>\n\t\t\t\t<\/div>\n\t\t\t\t<div class=\"elementor-element elementor-element-ae923fd elementor-widget elementor-widget-image\" data-id=\"ae923fd\" data-element_type=\"widget\" data-e-type=\"widget\" data-widget_type=\"image.default\">\n\t\t\t\t<div class=\"elementor-widget-container\">\n\t\t\t\t\t\t\t\t\t\t\t\t\t\t\t<img fetchpriority=\"high\" decoding=\"async\" width=\"253\" height=\"300\" src=\"https:\/\/www.lounge8.com\/wp-content\/uploads\/2021\/08\/Roland_Bachstein_Entspannung_Kontakt-253x300.jpg\" class=\"attachment-medium size-medium wp-image-1566\" alt=\"Roland Bachstein\" srcset=\"https:\/\/www.lounge8.com\/wp-content\/uploads\/2021\/08\/Roland_Bachstein_Entspannung_Kontakt-253x300.jpg 253w, https:\/\/www.lounge8.com\/wp-content\/uploads\/2021\/08\/Roland_Bachstein_Entspannung_Kontakt-10x12.jpg 10w, https:\/\/www.lounge8.com\/wp-content\/uploads\/2021\/08\/Roland_Bachstein_Entspannung_Kontakt.jpg 352w\" sizes=\"(max-width: 253px) 100vw, 253px\" \/>\t\t\t\t\t\t\t\t\t\t\t\t\t\t\t<\/div>\n\t\t\t\t<\/div>\n\t\t\t\t<div class=\"elementor-element elementor-element-4f607e9 elementor-widget elementor-widget-text-editor\" data-id=\"4f607e9\" data-element_type=\"widget\" data-e-type=\"widget\" data-widget_type=\"text-editor.default\">\n\t\t\t\t<div class=\"elementor-widget-container\">\n\t\t\t\t\t\t\t\t\t<p>How can I help you?<\/p><p>I am happy to assist you. Roland Bachstein<\/p>\t\t\t\t\t\t\t\t<\/div>\n\t\t\t\t<\/div>\n\t\t\t\t\t<\/div>\n\t\t<\/div>\n\t\t\t\t<div class=\"elementor-column elementor-col-33 elementor-inner-column elementor-element elementor-element-a8de949\" data-id=\"a8de949\" data-element_type=\"column\" data-e-type=\"column\">\n\t\t\t<div class=\"elementor-widget-wrap\">\n\t\t\t\t\t\t\t<\/div>\n\t\t<\/div>\n\t\t\t\t\t<\/div>\n\t\t<\/section>\n\t\t\t\t<div class=\"elementor-element elementor-element-25b9298 uael-cf7-button-center uael-cf7-btn-size-md uael-cf7-style-box uael-cf7-input-size-sm uael-cf7-highlight-style-default elementor-widget elementor-widget-uael-cf7-styler\" data-id=\"25b9298\" data-element_type=\"widget\" data-e-type=\"widget\" data-widget_type=\"uael-cf7-styler.default\">\n\t\t\t\t<div class=\"elementor-widget-container\">\n\t\t\t\t\t\t\t\t\t<div class = \"uael-cf7-container\">\n\t\t\t\t\t\t<div class = \"uael-cf7 uael-cf7-style elementor-clickable\">\n\t\t\t\t\t\t\n<div class=\"wpcf7 no-js\" id=\"wpcf7-f5-o1\" lang=\"en-US\" dir=\"ltr\" data-wpcf7-id=\"5\">\n<div class=\"screen-reader-response\"><p role=\"status\" aria-live=\"polite\" aria-atomic=\"true\"><\/p> <ul><\/ul><\/div>\n<form action=\"\/en\/wp-json\/wp\/v2\/pages\/61#wpcf7-f5-o1\" method=\"post\" class=\"wpcf7-form init\" aria-label=\"Contact form\" novalidate=\"novalidate\" data-status=\"init\" data-trp-original-action=\"\/en\/wp-json\/wp\/v2\/pages\/61#wpcf7-f5-o1\">\n<fieldset class=\"hidden-fields-container\"><input type=\"hidden\" name=\"_wpcf7\" value=\"5\" \/><input type=\"hidden\" name=\"_wpcf7_version\" value=\"6.1.5\" \/><input type=\"hidden\" name=\"_wpcf7_locale\" value=\"en_US\" \/><input type=\"hidden\" name=\"_wpcf7_unit_tag\" value=\"wpcf7-f5-o1\" \/><input type=\"hidden\" name=\"_wpcf7_container_post\" value=\"0\" \/><input type=\"hidden\" name=\"_wpcf7_posted_data_hash\" value=\"\" \/><input type=\"hidden\" name=\"partner_ref\" value=\"\" \/><input type=\"hidden\" name=\"_wpcf7_recaptcha_response\" value=\"\" \/>\n<\/fieldset>\n<div class=\"uael-cf7-col\">\n\t<p><span class=\"wpcf7-form-control-wrap\" data-name=\"anrede\"><input size=\"40\" maxlength=\"400\" class=\"wpcf7-form-control wpcf7-text wpcf7-validates-as-required\" aria-required=\"true\" aria-invalid=\"false\" placeholder=\"Salutation\" value=\"\" type=\"text\" name=\"anrede\" \/><\/span><br \/>\n<span class=\"wpcf7-form-control-wrap\" data-name=\"vorname\"><input size=\"40\" maxlength=\"400\" class=\"wpcf7-form-control wpcf7-text wpcf7-validates-as-required\" aria-required=\"true\" aria-invalid=\"false\" placeholder=\"First Name\" value=\"\" type=\"text\" name=\"vorname\" \/><\/span><br \/>\n<span class=\"wpcf7-form-control-wrap\" data-name=\"nachname\"><input size=\"40\" maxlength=\"400\" class=\"wpcf7-form-control wpcf7-text wpcf7-validates-as-required\" aria-required=\"true\" aria-invalid=\"false\" placeholder=\"Surname\" value=\"\" type=\"text\" name=\"nachname\" \/><\/span>\n\t<\/p>\n<\/div>\n<div class=\"uael-cf7-col\">\n\t<p><span class=\"wpcf7-form-control-wrap\" data-name=\"email\"><input size=\"40\" maxlength=\"400\" class=\"wpcf7-form-control wpcf7-email wpcf7-validates-as-required wpcf7-text wpcf7-validates-as-email\" aria-required=\"true\" aria-invalid=\"false\" placeholder=\"Email Address\" value=\"\" type=\"email\" name=\"email\" \/><\/span><br \/>\n<span class=\"wpcf7-form-control-wrap\" data-name=\"telefonnummer\"><input size=\"40\" maxlength=\"400\" class=\"wpcf7-form-control wpcf7-tel wpcf7-text wpcf7-validates-as-tel\" aria-invalid=\"false\" placeholder=\"Telephone Number\" value=\"\" type=\"tel\" name=\"telefonnummer\" \/><\/span><br \/>\n<span id=\"wpcf7-69e20994a3003-wrapper\" class=\"wpcf7-form-control-wrap gerburtsdatum-wrap\" ><input id=\"wpcf7-69e20994a3003-field\"  class=\"wpcf7-form-control wpcf7-text\" type=\"text\" name=\"gerburtsdatum\" value=\"\" size=\"40\" tabindex=\"-1\" autocomplete=\"new-password\" \/><\/span>\n\t<\/p>\n<\/div>\n<div class=\"uael-cf7-col\">\n\t<p><span class=\"wpcf7-form-control-wrap\" data-name=\"interesse\"><select class=\"wpcf7-form-control wpcf7-select wpcf7-validates-as-required\" aria-required=\"true\" aria-invalid=\"false\" name=\"interesse\"><option value=\"Ich bin interessiert an:\">I am interested in:<\/option><option value=\"Produkttest\">Trying out the product<\/option><option value=\"Kauf\/Miete\">Purchase\/Rent<\/option><option value=\"Kooperation\/Vertriebspartnerschaft\">Cooperation\/Distribution partnership<\/option><option value=\"Mehr Informationen\">More Information<\/option><\/select><\/span>\n\t<\/p>\n<\/div>\n<div class=\"uael-cf7-col\">\n\t<p><span class=\"wpcf7-form-control-wrap\" data-name=\"nachricht\"><textarea cols=\"40\" rows=\"10\" maxlength=\"2000\" class=\"wpcf7-form-control wpcf7-textarea wpcf7-validates-as-required\" aria-required=\"true\" aria-invalid=\"false\" placeholder=\"Your Message\" name=\"nachricht\"><\/textarea><\/span>\n\t<\/p>\n<\/div>\n<div class=\"uael-cf7-col\">\n\t<p><span class=\"wpcf7-form-control-wrap\" data-name=\"privacy-policy-acceptance\"><span class=\"wpcf7-form-control wpcf7-acceptance\"><span class=\"wpcf7-list-item\"><label><input type=\"checkbox\" name=\"privacy-policy-acceptance\" value=\"1\" aria-invalid=\"false\" \/><span class=\"wpcf7-list-item-label\"><strong>Required:<\/strong> I accept the <a href=\"https:\/\/www.lounge8.com\/en\/datenschutz\/\">Privacy Policy<\/a> of the lounge8 AG and agree that my contact information for the processing of my request and beyond will be stored until revoked. I can revoke this consent at any time by sending an e-mail to office@lounge8.com.<\/span><\/label><\/span><\/span><\/span>\n\t<\/p>\n<\/div>\n<p><input class=\"wpcf7-form-control wpcf7-submit has-spinner\" type=\"submit\" value=\"Send\" \/>\n<\/p><div class=\"wpcf7-response-output\" aria-hidden=\"true\"><\/div>\n<input type=\"hidden\" name=\"trp-form-language\" value=\"en\"\/><\/form>\n<\/div>\n\t\t\t\t\t<\/div>\n\t\t\t\t<\/div>\n\t\t\t\t\t\t\t\t<\/div>\n\t\t\t\t<\/div>\n\t\t\t\t\t<\/div>\n\t\t<\/div>\n\t\t\t\t\t<\/div>\n\t\t<\/section>\n\t\t\t\t<section class=\"elementor-section elementor-top-section elementor-element elementor-element-7091789f elementor-section-boxed elementor-section-height-default elementor-section-height-default\" data-id=\"7091789f\" data-element_type=\"section\" data-e-type=\"section\">\n\t\t\t\t\t\t<div class=\"elementor-container elementor-column-gap-default\">\n\t\t\t\t\t<div class=\"elementor-column elementor-col-33 elementor-top-column elementor-element elementor-element-308b1cba\" data-id=\"308b1cba\" data-element_type=\"column\" data-e-type=\"column\">\n\t\t\t<div class=\"elementor-widget-wrap elementor-element-populated\">\n\t\t\t\t\t\t<div class=\"elementor-element elementor-element-650bc24 elementor-widget elementor-widget-image\" data-id=\"650bc24\" data-element_type=\"widget\" data-e-type=\"widget\" data-widget_type=\"image.default\">\n\t\t\t\t<div class=\"elementor-widget-container\">\n\t\t\t\t\t\t\t\t\t\t\t\t\t\t\t<img decoding=\"async\" width=\"200\" height=\"150\" src=\"https:\/\/www.lounge8.com\/wp-content\/uploads\/2019\/11\/showroom-icon.png\" class=\"attachment-large size-large wp-image-218\" alt=\"\" \/>\t\t\t\t\t\t\t\t\t\t\t\t\t\t\t<\/div>\n\t\t\t\t<\/div>\n\t\t\t\t<div class=\"elementor-element elementor-element-b16094f elementor-widget elementor-widget-heading\" data-id=\"b16094f\" data-element_type=\"widget\" data-e-type=\"widget\" data-widget_type=\"heading.default\">\n\t\t\t\t<div class=\"elementor-widget-container\">\n\t\t\t\t\t<h2 class=\"elementor-heading-title elementor-size-default\">Office<\/h2>\t\t\t\t<\/div>\n\t\t\t\t<\/div>\n\t\t\t\t<div class=\"elementor-element elementor-element-55a2cfb4 elementor-widget elementor-widget-text-editor\" data-id=\"55a2cfb4\" data-element_type=\"widget\" data-e-type=\"widget\" data-widget_type=\"text-editor.default\">\n\t\t\t\t<div class=\"elementor-widget-container\">\n\t\t\t\t\t\t\t\t\t<p>lounge8 AG<br \/>Feldstrasse 36<br \/>9445 Rebstein, Switzerland<\/p>\t\t\t\t\t\t\t\t<\/div>\n\t\t\t\t<\/div>\n\t\t\t\t\t<\/div>\n\t\t<\/div>\n\t\t\t\t<div class=\"elementor-column elementor-col-33 elementor-top-column elementor-element elementor-element-6015cc9\" data-id=\"6015cc9\" data-element_type=\"column\" data-e-type=\"column\">\n\t\t\t<div class=\"elementor-widget-wrap elementor-element-populated\">\n\t\t\t\t\t\t<div class=\"elementor-element elementor-element-4d65332 elementor-widget elementor-widget-image\" data-id=\"4d65332\" data-element_type=\"widget\" data-e-type=\"widget\" data-widget_type=\"image.default\">\n\t\t\t\t<div class=\"elementor-widget-container\">\n\t\t\t\t\t\t\t\t\t\t\t\t\t\t\t<img decoding=\"async\" width=\"200\" height=\"200\" src=\"https:\/\/www.lounge8.com\/wp-content\/uploads\/2019\/11\/zeitlos-icon-1.png\" class=\"attachment-large size-large wp-image-219\" alt=\"\" srcset=\"https:\/\/www.lounge8.com\/wp-content\/uploads\/2019\/11\/zeitlos-icon-1.png 200w, https:\/\/www.lounge8.com\/wp-content\/uploads\/2019\/11\/zeitlos-icon-1-150x150.png 150w\" sizes=\"(max-width: 200px) 100vw, 200px\" \/>\t\t\t\t\t\t\t\t\t\t\t\t\t\t\t<\/div>\n\t\t\t\t<\/div>\n\t\t\t\t<div class=\"elementor-element elementor-element-1fa995da elementor-widget elementor-widget-heading\" data-id=\"1fa995da\" data-element_type=\"widget\" data-e-type=\"widget\" data-widget_type=\"heading.default\">\n\t\t\t\t<div class=\"elementor-widget-container\">\n\t\t\t\t\t<h2 class=\"elementor-heading-title elementor-size-default\">Visiting hours<\/h2>\t\t\t\t<\/div>\n\t\t\t\t<\/div>\n\t\t\t\t<div class=\"elementor-element elementor-element-175a9ea1 elementor-widget elementor-widget-text-editor\" data-id=\"175a9ea1\" data-element_type=\"widget\" data-e-type=\"widget\" data-widget_type=\"text-editor.default\">\n\t\t\t\t<div class=\"elementor-widget-container\">\n\t\t\t\t\t\t\t\t\t<p>Monday\u2013Friday by appointment<\/p>\t\t\t\t\t\t\t\t<\/div>\n\t\t\t\t<\/div>\n\t\t\t\t\t<\/div>\n\t\t<\/div>\n\t\t\t\t<div class=\"elementor-column elementor-col-33 elementor-top-column elementor-element elementor-element-28b53219\" data-id=\"28b53219\" data-element_type=\"column\" data-e-type=\"column\">\n\t\t\t<div class=\"elementor-widget-wrap elementor-element-populated\">\n\t\t\t\t\t\t<div class=\"elementor-element elementor-element-750a72c elementor-widget elementor-widget-image\" data-id=\"750a72c\" data-element_type=\"widget\" data-e-type=\"widget\" data-widget_type=\"image.default\">\n\t\t\t\t<div class=\"elementor-widget-container\">\n\t\t\t\t\t\t\t\t\t\t\t\t\t\t\t<img loading=\"lazy\" decoding=\"async\" width=\"200\" height=\"149\" src=\"https:\/\/www.lounge8.com\/wp-content\/uploads\/2019\/11\/contact-icon.png\" class=\"attachment-large size-large wp-image-220\" alt=\"\" \/>\t\t\t\t\t\t\t\t\t\t\t\t\t\t\t<\/div>\n\t\t\t\t<\/div>\n\t\t\t\t<div class=\"elementor-element elementor-element-7d6e6ec9 elementor-widget elementor-widget-heading\" data-id=\"7d6e6ec9\" data-element_type=\"widget\" data-e-type=\"widget\" data-widget_type=\"heading.default\">\n\t\t\t\t<div class=\"elementor-widget-container\">\n\t\t\t\t\t<h2 class=\"elementor-heading-title elementor-size-default\">Contact<\/h2>\t\t\t\t<\/div>\n\t\t\t\t<\/div>\n\t\t\t\t<div class=\"elementor-element elementor-element-242cc29c elementor-widget elementor-widget-text-editor\" data-id=\"242cc29c\" data-element_type=\"widget\" data-e-type=\"widget\" data-widget_type=\"text-editor.default\">\n\t\t\t\t<div class=\"elementor-widget-container\">\n\t\t\t\t\t\t\t\t\t<p>T:\u00a0 \u00a0 <span style=\"color: #1b2b46;\"><a style=\"color: #1b2b46;\" href=\"tel:+41 71 747 58 60\">+41 71 747 58 60<\/a><\/span><\/p><p>E:\u00a0 \u00a0<span style=\"color: #1b2b46;\"> <a style=\"color: #1b2b46;\" href=\"mailto:office@lounge8.com\">office@lounge8.com<\/a><\/span><\/p>\t\t\t\t\t\t\t\t<\/div>\n\t\t\t\t<\/div>\n\t\t\t\t\t<\/div>\n\t\t<\/div>\n\t\t\t\t\t<\/div>\n\t\t<\/section>\n\t\t\t\t<section class=\"elementor-section elementor-top-section elementor-element elementor-element-bb0e15c elementor-section-stretched elementor-section-full_width elementor-section-height-default elementor-section-height-default\" data-id=\"bb0e15c\" data-element_type=\"section\" data-e-type=\"section\" data-settings=\"{&quot;stretch_section&quot;:&quot;section-stretched&quot;}\">\n\t\t\t\t\t\t<div class=\"elementor-container elementor-column-gap-default\">\n\t\t\t\t\t<div class=\"elementor-column elementor-col-100 elementor-top-column elementor-element elementor-element-b765dc9\" data-id=\"b765dc9\" data-element_type=\"column\" data-e-type=\"column\">\n\t\t\t<div class=\"elementor-widget-wrap elementor-element-populated\">\n\t\t\t\t\t\t<div class=\"elementor-element elementor-element-87b2791 elementor-widget elementor-widget-google_maps\" data-id=\"87b2791\" data-element_type=\"widget\" data-e-type=\"widget\" data-widget_type=\"google_maps.default\">\n\t\t\t\t<div class=\"elementor-widget-container\">\n\t\t\t\t\t\t\t<div class=\"elementor-custom-embed\">\n\t\t\t<iframe loading=\"lazy\"\n\t\t\t\t\tsrc=\"https:\/\/maps.google.com\/maps?q=lounge8%20AG%20feldstrasse%2036%2C%209445%20Rebstein%2C%20Schweiz&#038;t=m&#038;z=13&#038;output=embed&#038;iwloc=near\"\n\t\t\t\t\ttitle=\"lounge8 AG feldstrasse 36, 9445 Rebstein, Schweiz\"\n\t\t\t\t\taria-label=\"lounge8 AG feldstrasse 36, 9445 Rebstein, Schweiz\"\n\t\t\t><\/iframe>\n\t\t<\/div>\n\t\t\t\t\t\t<\/div>\n\t\t\t\t<\/div>\n\t\t\t\t\t<\/div>\n\t\t<\/div>\n\t\t\t\t\t<\/div>\n\t\t<\/section>\n\t\t\t\t<\/div>","protected":false},"excerpt":{"rendered":"<p>Kontakt Wie kann ich Dir weiterhelfen? Gerne bin ich pers\u00f6nlich f\u00fcr Dich da. Roland Bachstein Ich bin interessiert an:ProdukttestKauf\/MieteKooperation\/VertriebspartnerschaftMehr Informationen Pflichtfeld: Ich akzeptiere die Datenschutzerkl\u00e4rung der lounge8 AG und bin damit einverstanden, dass meine Kontaktangaben f\u00fcr die Bearbeitung meiner Anfrage und dar\u00fcberhinaus bis auf Widerruf gespeichert werden. Ich kann diese Zustimmung jederzeit mit einer E-Mail [&hellip;]<\/p>\n","protected":false},"author":6,"featured_media":0,"parent":0,"menu_order":0,"comment_status":"closed","ping_status":"closed","template":"elementor_header_footer","meta":{"footnotes":""},"class_list":["post-61","page","type-page","status-publish","hentry"],"yoast_head":"<!-- This site is optimized with the Yoast SEO plugin v27.0 - https:\/\/yoast.com\/product\/yoast-seo-wordpress\/ -->\n<title>Kontakt - lounge8<\/title>\n<meta name=\"robots\" content=\"index, follow, max-snippet:-1, max-image-preview:large, max-video-preview:-1\" \/>\n<link rel=\"canonical\" href=\"https:\/\/www.lounge8.com\/en\/kontakt\/\" \/>\n<meta property=\"og:locale\" content=\"en_US\" \/>\n<meta property=\"og:type\" content=\"article\" \/>\n<meta property=\"og:title\" content=\"Kontakt - lounge8\" \/>\n<meta property=\"og:description\" content=\"Kontakt Wie kann ich Dir weiterhelfen? Gerne bin ich pers\u00f6nlich f\u00fcr Dich da. Roland Bachstein Ich bin interessiert an:ProdukttestKauf\/MieteKooperation\/VertriebspartnerschaftMehr Informationen Pflichtfeld: Ich akzeptiere die Datenschutzerkl\u00e4rung der lounge8 AG und bin damit einverstanden, dass meine Kontaktangaben f\u00fcr die Bearbeitung meiner Anfrage und dar\u00fcberhinaus bis auf Widerruf gespeichert werden. Ich kann diese Zustimmung jederzeit mit einer E-Mail [&hellip;]\" \/>\n<meta property=\"og:url\" content=\"https:\/\/www.lounge8.com\/en\/kontakt\/\" \/>\n<meta property=\"og:site_name\" content=\"lounge8\" \/>\n<meta property=\"article:modified_time\" content=\"2025-09-11T11:23:10+00:00\" \/>\n<meta property=\"og:image\" content=\"https:\/\/www.lounge8.com\/wp-content\/uploads\/2021\/08\/Roland_Bachstein_Entspannung_Kontakt.jpg\" \/>\n\t<meta property=\"og:image:width\" content=\"352\" \/>\n\t<meta property=\"og:image:height\" content=\"418\" \/>\n\t<meta property=\"og:image:type\" content=\"image\/jpeg\" \/>\n<meta name=\"twitter:card\" content=\"summary_large_image\" \/>\n<meta name=\"twitter:label1\" content=\"Est. reading time\" \/>\n\t<meta name=\"twitter:data1\" content=\"2 minutes\" \/>\n<script type=\"application\/ld+json\" class=\"yoast-schema-graph\">{\"@context\":\"https:\/\/schema.org\",\"@graph\":[{\"@type\":\"WebPage\",\"@id\":\"https:\/\/www.lounge8.com\/kontakt\/\",\"url\":\"https:\/\/www.lounge8.com\/kontakt\/\",\"name\":\"Kontakt - lounge8\",\"isPartOf\":{\"@id\":\"https:\/\/www.lounge8.com\/#website\"},\"primaryImageOfPage\":{\"@id\":\"https:\/\/www.lounge8.com\/kontakt\/#primaryimage\"},\"image\":{\"@id\":\"https:\/\/www.lounge8.com\/kontakt\/#primaryimage\"},\"thumbnailUrl\":\"https:\/\/www.lounge8.com\/wp-content\/uploads\/2021\/08\/Roland_Bachstein_Entspannung_Kontakt-253x300.jpg\",\"datePublished\":\"2019-11-15T05:49:46+00:00\",\"dateModified\":\"2025-09-11T11:23:10+00:00\",\"breadcrumb\":{\"@id\":\"https:\/\/www.lounge8.com\/kontakt\/#breadcrumb\"},\"inLanguage\":\"en-US\",\"potentialAction\":[{\"@type\":\"ReadAction\",\"target\":[\"https:\/\/www.lounge8.com\/kontakt\/\"]}]},{\"@type\":\"ImageObject\",\"inLanguage\":\"en-US\",\"@id\":\"https:\/\/www.lounge8.com\/kontakt\/#primaryimage\",\"url\":\"https:\/\/www.lounge8.com\/wp-content\/uploads\/2021\/08\/Roland_Bachstein_Entspannung_Kontakt-253x300.jpg\",\"contentUrl\":\"https:\/\/www.lounge8.com\/wp-content\/uploads\/2021\/08\/Roland_Bachstein_Entspannung_Kontakt-253x300.jpg\"},{\"@type\":\"BreadcrumbList\",\"@id\":\"https:\/\/www.lounge8.com\/kontakt\/#breadcrumb\",\"itemListElement\":[{\"@type\":\"ListItem\",\"position\":1,\"name\":\"Home\",\"item\":\"https:\/\/www.lounge8.com\/\"},{\"@type\":\"ListItem\",\"position\":2,\"name\":\"Kontakt\"}]},{\"@type\":\"WebSite\",\"@id\":\"https:\/\/www.lounge8.com\/#website\",\"url\":\"https:\/\/www.lounge8.com\/\",\"name\":\"lounge8\",\"description\":\"Wir helfen Menschen zu entspannen\",\"publisher\":{\"@id\":\"https:\/\/www.lounge8.com\/#organization\"},\"potentialAction\":[{\"@type\":\"SearchAction\",\"target\":{\"@type\":\"EntryPoint\",\"urlTemplate\":\"https:\/\/www.lounge8.com\/?s={search_term_string}\"},\"query-input\":{\"@type\":\"PropertyValueSpecification\",\"valueRequired\":true,\"valueName\":\"search_term_string\"}}],\"inLanguage\":\"en-US\"},{\"@type\":\"Organization\",\"@id\":\"https:\/\/www.lounge8.com\/#organization\",\"name\":\"lounge8\",\"url\":\"https:\/\/www.lounge8.com\/\",\"logo\":{\"@type\":\"ImageObject\",\"inLanguage\":\"en-US\",\"@id\":\"https:\/\/www.lounge8.com\/#\/schema\/logo\/image\/\",\"url\":\"https:\/\/www.lounge8.com\/wp-content\/uploads\/2019\/11\/lounge8_logo.svg\",\"contentUrl\":\"https:\/\/www.lounge8.com\/wp-content\/uploads\/2019\/11\/lounge8_logo.svg\",\"caption\":\"lounge8\"},\"image\":{\"@id\":\"https:\/\/www.lounge8.com\/#\/schema\/logo\/image\/\"}}]}<\/script>\n<!-- \/ Yoast SEO plugin. -->","yoast_head_json":{"title":"Kontakt - lounge8","robots":{"index":"index","follow":"follow","max-snippet":"max-snippet:-1","max-image-preview":"max-image-preview:large","max-video-preview":"max-video-preview:-1"},"canonical":"https:\/\/www.lounge8.com\/en\/kontakt\/","og_locale":"en_US","og_type":"article","og_title":"Kontakt - lounge8","og_description":"Kontakt Wie kann ich Dir weiterhelfen? Gerne bin ich pers\u00f6nlich f\u00fcr Dich da. Roland Bachstein Ich bin interessiert an:ProdukttestKauf\/MieteKooperation\/VertriebspartnerschaftMehr Informationen Pflichtfeld: Ich akzeptiere die Datenschutzerkl\u00e4rung der lounge8 AG und bin damit einverstanden, dass meine Kontaktangaben f\u00fcr die Bearbeitung meiner Anfrage und dar\u00fcberhinaus bis auf Widerruf gespeichert werden. Ich kann diese Zustimmung jederzeit mit einer E-Mail [&hellip;]","og_url":"https:\/\/www.lounge8.com\/en\/kontakt\/","og_site_name":"lounge8","article_modified_time":"2025-09-11T11:23:10+00:00","og_image":[{"width":352,"height":418,"url":"https:\/\/www.lounge8.com\/wp-content\/uploads\/2021\/08\/Roland_Bachstein_Entspannung_Kontakt.jpg","type":"image\/jpeg"}],"twitter_card":"summary_large_image","twitter_misc":{"Est. reading time":"2 minutes"},"schema":{"@context":"https:\/\/schema.org","@graph":[{"@type":"WebPage","@id":"https:\/\/www.lounge8.com\/kontakt\/","url":"https:\/\/www.lounge8.com\/kontakt\/","name":"Kontakt - lounge8","isPartOf":{"@id":"https:\/\/www.lounge8.com\/#website"},"primaryImageOfPage":{"@id":"https:\/\/www.lounge8.com\/kontakt\/#primaryimage"},"image":{"@id":"https:\/\/www.lounge8.com\/kontakt\/#primaryimage"},"thumbnailUrl":"https:\/\/www.lounge8.com\/wp-content\/uploads\/2021\/08\/Roland_Bachstein_Entspannung_Kontakt-253x300.jpg","datePublished":"2019-11-15T05:49:46+00:00","dateModified":"2025-09-11T11:23:10+00:00","breadcrumb":{"@id":"https:\/\/www.lounge8.com\/kontakt\/#breadcrumb"},"inLanguage":"en-US","potentialAction":[{"@type":"ReadAction","target":["https:\/\/www.lounge8.com\/kontakt\/"]}]},{"@type":"ImageObject","inLanguage":"en-US","@id":"https:\/\/www.lounge8.com\/kontakt\/#primaryimage","url":"https:\/\/www.lounge8.com\/wp-content\/uploads\/2021\/08\/Roland_Bachstein_Entspannung_Kontakt-253x300.jpg","contentUrl":"https:\/\/www.lounge8.com\/wp-content\/uploads\/2021\/08\/Roland_Bachstein_Entspannung_Kontakt-253x300.jpg"},{"@type":"BreadcrumbList","@id":"https:\/\/www.lounge8.com\/kontakt\/#breadcrumb","itemListElement":[{"@type":"ListItem","position":1,"name":"Home","item":"https:\/\/www.lounge8.com\/"},{"@type":"ListItem","position":2,"name":"Kontakt"}]},{"@type":"WebSite","@id":"https:\/\/www.lounge8.com\/#website","url":"https:\/\/www.lounge8.com\/","name":"lounge8","description":"Wir helfen Menschen zu entspannen","publisher":{"@id":"https:\/\/www.lounge8.com\/#organization"},"potentialAction":[{"@type":"SearchAction","target":{"@type":"EntryPoint","urlTemplate":"https:\/\/www.lounge8.com\/?s={search_term_string}"},"query-input":{"@type":"PropertyValueSpecification","valueRequired":true,"valueName":"search_term_string"}}],"inLanguage":"en-US"},{"@type":"Organization","@id":"https:\/\/www.lounge8.com\/#organization","name":"lounge8","url":"https:\/\/www.lounge8.com\/","logo":{"@type":"ImageObject","inLanguage":"en-US","@id":"https:\/\/www.lounge8.com\/#\/schema\/logo\/image\/","url":"https:\/\/www.lounge8.com\/wp-content\/uploads\/2019\/11\/lounge8_logo.svg","contentUrl":"https:\/\/www.lounge8.com\/wp-content\/uploads\/2019\/11\/lounge8_logo.svg","caption":"lounge8"},"image":{"@id":"https:\/\/www.lounge8.com\/#\/schema\/logo\/image\/"}}]}},"_links":{"self":[{"href":"https:\/\/www.lounge8.com\/en\/wp-json\/wp\/v2\/pages\/61","targetHints":{"allow":["GET"]}}],"collection":[{"href":"https:\/\/www.lounge8.com\/en\/wp-json\/wp\/v2\/pages"}],"about":[{"href":"https:\/\/www.lounge8.com\/en\/wp-json\/wp\/v2\/types\/page"}],"author":[{"embeddable":true,"href":"https:\/\/www.lounge8.com\/en\/wp-json\/wp\/v2\/users\/6"}],"replies":[{"embeddable":true,"href":"https:\/\/www.lounge8.com\/en\/wp-json\/wp\/v2\/comments?post=61"}],"version-history":[{"count":0,"href":"https:\/\/www.lounge8.com\/en\/wp-json\/wp\/v2\/pages\/61\/revisions"}],"wp:attachment":[{"href":"https:\/\/www.lounge8.com\/en\/wp-json\/wp\/v2\/media?parent=61"}],"curies":[{"name":"wp","href":"https:\/\/api.w.org\/{rel}","templated":true}]}}