{"id":57,"date":"2019-11-15T05:46:27","date_gmt":"2019-11-15T05:46:27","guid":{"rendered":"https:\/\/www.lounge8.com\/?page_id=57"},"modified":"2020-06-25T09:43:56","modified_gmt":"2020-06-25T09:43:56","slug":"impressum","status":"publish","type":"page","link":"https:\/\/www.lounge8.com\/en\/impressum\/","title":{"rendered":"Imprint"},"content":{"rendered":"<div data-elementor-type=\"wp-page\" data-elementor-id=\"57\" class=\"elementor elementor-57\" data-elementor-post-type=\"page\">\n\t\t\t\t\t\t<section class=\"elementor-section elementor-top-section elementor-element elementor-element-be02ff0 elementor-section-boxed elementor-section-height-default elementor-section-height-default\" data-id=\"be02ff0\" data-element_type=\"section\" data-e-type=\"section\">\n\t\t\t\t\t\t<div class=\"elementor-container elementor-column-gap-default\">\n\t\t\t\t\t<div class=\"elementor-column elementor-col-100 elementor-top-column elementor-element elementor-element-3a65df0\" data-id=\"3a65df0\" data-element_type=\"column\" data-e-type=\"column\">\n\t\t\t<div class=\"elementor-widget-wrap elementor-element-populated\">\n\t\t\t\t\t\t<div class=\"elementor-element elementor-element-d67266a elementor-widget elementor-widget-heading\" data-id=\"d67266a\" data-element_type=\"widget\" data-e-type=\"widget\" data-widget_type=\"heading.default\">\n\t\t\t\t<div class=\"elementor-widget-container\">\n\t\t\t\t\t<h2 class=\"elementor-heading-title elementor-size-default\">Imprint<\/h2>\t\t\t\t<\/div>\n\t\t\t\t<\/div>\n\t\t\t\t<div class=\"elementor-element elementor-element-ca79274 elementor-widget elementor-widget-text-editor\" data-id=\"ca79274\" data-element_type=\"widget\" data-e-type=\"widget\" data-widget_type=\"text-editor.default\">\n\t\t\t\t<div class=\"elementor-widget-container\">\n\t\t\t\t\t\t\t\t\t<h3>Contact address<\/h3><p>lounge8 AG<br \/>Feldstrasse 36<br \/>CH-9445 Rebstein<br \/>Switzerland<br \/>office@lounge8.com<\/p><h3>Authorized representative:<\/h3><p>Roland Bachstein<\/p><h3>Entry in the Commercial Register<\/h3><p>Registered company name: lounge8 AG<\/p><p>Number: CHE-106.373.285<\/p><p>Commercial Register Office: St.Gallen<\/p><h3>VAT-No.<\/h3><p>CHE-106.373.285<\/p><h3>Disclaimer<\/h3><p>The author provides no guarantee that the information provided on this website is correct, accurate, up-to-date, reliable and complete.<\/p><p>Liability claims against the author due to material or immaterial damage resulting from access to or use\/non-use of the published information, misuse of the connection or technical defects are excluded.<\/p><p>All offers are non-binding. The author expressly reserves the right to modify, make additions to or delete any or all of the information provided on the pages, or to temporarily or permanently cease publication thereof without separate notification.<\/p><h3>Liability for links<\/h3><p>References and links to third-party websites fall outside our area of responsibility. We reject any responsibility for such websites. Users access such websites at their own risk.<\/p><h3>Copyright<\/h3><p>The copyright and all other rights to the content, images, photographs and other files on the website belong exclusively to lounge8 AG or to the specified legal owner. Elements may be reproduced only with prior written consent from the copyright-holder.<\/p><h3>Privacy Policy<\/h3><p><a href=\"https:\/\/www.lounge8.com\/en\/datenschutz\/\">To Privacy Policy<\/a><\/p>\t\t\t\t\t\t\t\t<\/div>\n\t\t\t\t<\/div>\n\t\t\t\t\t<\/div>\n\t\t<\/div>\n\t\t\t\t\t<\/div>\n\t\t<\/section>\n\t\t\t\t<\/div>","protected":false},"excerpt":{"rendered":"<p>Impressum Kontaktadresse lounge8 AG Feldstrasse 36 CH-9445 Rebstein Schweiz office@lounge8.com Vertretungsberechtigte Personen Roland Bachstein Handelsregistereintrag Eingetragener Firmenname: lounge8 AG Nummer: CHE-106.373.285 Handelsregisteramt: St.Gallen Mehrwertsteuernummer CHE-106.373.285 Haftungsausschluss Der Autor \u00fcbernimmt keinerlei Gew\u00e4hr hinsichtlich der inhaltlichen Richtigkeit, Genauigkeit, Aktualit\u00e4t, Zuverl\u00e4ssigkeit und Vollst\u00e4ndigkeit der Informationen. Haftungsanspr\u00fcche gegen den Autor wegen Sch\u00e4den materieller oder immaterieller Art, welche aus dem [&hellip;]<\/p>\n","protected":false},"author":6,"featured_media":0,"parent":0,"menu_order":0,"comment_status":"closed","ping_status":"closed","template":"elementor_header_footer","meta":{"footnotes":""},"class_list":["post-57","page","type-page","status-publish","hentry"],"yoast_head":"<!-- This site is optimized with the Yoast SEO plugin v27.0 - https:\/\/yoast.com\/product\/yoast-seo-wordpress\/ -->\n<title>Impressum - lounge8<\/title>\n<meta name=\"robots\" content=\"index, follow, max-snippet:-1, max-image-preview:large, max-video-preview:-1\" \/>\n<link rel=\"canonical\" href=\"https:\/\/www.lounge8.com\/en\/impressum\/\" \/>\n<meta property=\"og:locale\" content=\"en_US\" \/>\n<meta property=\"og:type\" content=\"article\" \/>\n<meta property=\"og:title\" content=\"Impressum - lounge8\" \/>\n<meta property=\"og:description\" content=\"Impressum Kontaktadresse lounge8 AG Feldstrasse 36 CH-9445 Rebstein Schweiz office@lounge8.com Vertretungsberechtigte Personen Roland Bachstein Handelsregistereintrag Eingetragener Firmenname: lounge8 AG Nummer: CHE-106.373.285 Handelsregisteramt: St.Gallen Mehrwertsteuernummer CHE-106.373.285 Haftungsausschluss Der Autor \u00fcbernimmt keinerlei Gew\u00e4hr hinsichtlich der inhaltlichen Richtigkeit, Genauigkeit, Aktualit\u00e4t, Zuverl\u00e4ssigkeit und Vollst\u00e4ndigkeit der Informationen. Haftungsanspr\u00fcche gegen den Autor wegen Sch\u00e4den materieller oder immaterieller Art, welche aus dem [&hellip;]\" \/>\n<meta property=\"og:url\" content=\"https:\/\/www.lounge8.com\/en\/impressum\/\" \/>\n<meta property=\"og:site_name\" content=\"lounge8\" \/>\n<meta property=\"article:modified_time\" content=\"2020-06-25T09:43:56+00:00\" \/>\n<meta name=\"twitter:card\" content=\"summary_large_image\" \/>\n<meta name=\"twitter:label1\" content=\"Est. reading time\" \/>\n\t<meta name=\"twitter:data1\" content=\"1 minute\" \/>\n<script type=\"application\/ld+json\" class=\"yoast-schema-graph\">{\"@context\":\"https:\/\/schema.org\",\"@graph\":[{\"@type\":\"WebPage\",\"@id\":\"https:\/\/www.lounge8.com\/impressum\/\",\"url\":\"https:\/\/www.lounge8.com\/impressum\/\",\"name\":\"Impressum - lounge8\",\"isPartOf\":{\"@id\":\"https:\/\/www.lounge8.com\/#website\"},\"datePublished\":\"2019-11-15T05:46:27+00:00\",\"dateModified\":\"2020-06-25T09:43:56+00:00\",\"breadcrumb\":{\"@id\":\"https:\/\/www.lounge8.com\/impressum\/#breadcrumb\"},\"inLanguage\":\"en-US\",\"potentialAction\":[{\"@type\":\"ReadAction\",\"target\":[\"https:\/\/www.lounge8.com\/impressum\/\"]}]},{\"@type\":\"BreadcrumbList\",\"@id\":\"https:\/\/www.lounge8.com\/impressum\/#breadcrumb\",\"itemListElement\":[{\"@type\":\"ListItem\",\"position\":1,\"name\":\"Home\",\"item\":\"https:\/\/www.lounge8.com\/\"},{\"@type\":\"ListItem\",\"position\":2,\"name\":\"Impressum\"}]},{\"@type\":\"WebSite\",\"@id\":\"https:\/\/www.lounge8.com\/#website\",\"url\":\"https:\/\/www.lounge8.com\/\",\"name\":\"lounge8\",\"description\":\"Wir helfen Menschen zu entspannen\",\"publisher\":{\"@id\":\"https:\/\/www.lounge8.com\/#organization\"},\"potentialAction\":[{\"@type\":\"SearchAction\",\"target\":{\"@type\":\"EntryPoint\",\"urlTemplate\":\"https:\/\/www.lounge8.com\/?s={search_term_string}\"},\"query-input\":{\"@type\":\"PropertyValueSpecification\",\"valueRequired\":true,\"valueName\":\"search_term_string\"}}],\"inLanguage\":\"en-US\"},{\"@type\":\"Organization\",\"@id\":\"https:\/\/www.lounge8.com\/#organization\",\"name\":\"lounge8\",\"url\":\"https:\/\/www.lounge8.com\/\",\"logo\":{\"@type\":\"ImageObject\",\"inLanguage\":\"en-US\",\"@id\":\"https:\/\/www.lounge8.com\/#\/schema\/logo\/image\/\",\"url\":\"https:\/\/www.lounge8.com\/wp-content\/uploads\/2019\/11\/lounge8_logo.svg\",\"contentUrl\":\"https:\/\/www.lounge8.com\/wp-content\/uploads\/2019\/11\/lounge8_logo.svg\",\"caption\":\"lounge8\"},\"image\":{\"@id\":\"https:\/\/www.lounge8.com\/#\/schema\/logo\/image\/\"}}]}<\/script>\n<!-- \/ Yoast SEO plugin. -->","yoast_head_json":{"title":"Impressum - lounge8","robots":{"index":"index","follow":"follow","max-snippet":"max-snippet:-1","max-image-preview":"max-image-preview:large","max-video-preview":"max-video-preview:-1"},"canonical":"https:\/\/www.lounge8.com\/en\/impressum\/","og_locale":"en_US","og_type":"article","og_title":"Impressum - lounge8","og_description":"Impressum Kontaktadresse lounge8 AG Feldstrasse 36 CH-9445 Rebstein Schweiz office@lounge8.com Vertretungsberechtigte Personen Roland Bachstein Handelsregistereintrag Eingetragener Firmenname: lounge8 AG Nummer: CHE-106.373.285 Handelsregisteramt: St.Gallen Mehrwertsteuernummer CHE-106.373.285 Haftungsausschluss Der Autor \u00fcbernimmt keinerlei Gew\u00e4hr hinsichtlich der inhaltlichen Richtigkeit, Genauigkeit, Aktualit\u00e4t, Zuverl\u00e4ssigkeit und Vollst\u00e4ndigkeit der Informationen. Haftungsanspr\u00fcche gegen den Autor wegen Sch\u00e4den materieller oder immaterieller Art, welche aus dem [&hellip;]","og_url":"https:\/\/www.lounge8.com\/en\/impressum\/","og_site_name":"lounge8","article_modified_time":"2020-06-25T09:43:56+00:00","twitter_card":"summary_large_image","twitter_misc":{"Est. reading time":"1 minute"},"schema":{"@context":"https:\/\/schema.org","@graph":[{"@type":"WebPage","@id":"https:\/\/www.lounge8.com\/impressum\/","url":"https:\/\/www.lounge8.com\/impressum\/","name":"Impressum - lounge8","isPartOf":{"@id":"https:\/\/www.lounge8.com\/#website"},"datePublished":"2019-11-15T05:46:27+00:00","dateModified":"2020-06-25T09:43:56+00:00","breadcrumb":{"@id":"https:\/\/www.lounge8.com\/impressum\/#breadcrumb"},"inLanguage":"en-US","potentialAction":[{"@type":"ReadAction","target":["https:\/\/www.lounge8.com\/impressum\/"]}]},{"@type":"BreadcrumbList","@id":"https:\/\/www.lounge8.com\/impressum\/#breadcrumb","itemListElement":[{"@type":"ListItem","position":1,"name":"Home","item":"https:\/\/www.lounge8.com\/"},{"@type":"ListItem","position":2,"name":"Impressum"}]},{"@type":"WebSite","@id":"https:\/\/www.lounge8.com\/#website","url":"https:\/\/www.lounge8.com\/","name":"lounge8","description":"Wir helfen Menschen zu entspannen","publisher":{"@id":"https:\/\/www.lounge8.com\/#organization"},"potentialAction":[{"@type":"SearchAction","target":{"@type":"EntryPoint","urlTemplate":"https:\/\/www.lounge8.com\/?s={search_term_string}"},"query-input":{"@type":"PropertyValueSpecification","valueRequired":true,"valueName":"search_term_string"}}],"inLanguage":"en-US"},{"@type":"Organization","@id":"https:\/\/www.lounge8.com\/#organization","name":"lounge8","url":"https:\/\/www.lounge8.com\/","logo":{"@type":"ImageObject","inLanguage":"en-US","@id":"https:\/\/www.lounge8.com\/#\/schema\/logo\/image\/","url":"https:\/\/www.lounge8.com\/wp-content\/uploads\/2019\/11\/lounge8_logo.svg","contentUrl":"https:\/\/www.lounge8.com\/wp-content\/uploads\/2019\/11\/lounge8_logo.svg","caption":"lounge8"},"image":{"@id":"https:\/\/www.lounge8.com\/#\/schema\/logo\/image\/"}}]}},"_links":{"self":[{"href":"https:\/\/www.lounge8.com\/en\/wp-json\/wp\/v2\/pages\/57","targetHints":{"allow":["GET"]}}],"collection":[{"href":"https:\/\/www.lounge8.com\/en\/wp-json\/wp\/v2\/pages"}],"about":[{"href":"https:\/\/www.lounge8.com\/en\/wp-json\/wp\/v2\/types\/page"}],"author":[{"embeddable":true,"href":"https:\/\/www.lounge8.com\/en\/wp-json\/wp\/v2\/users\/6"}],"replies":[{"embeddable":true,"href":"https:\/\/www.lounge8.com\/en\/wp-json\/wp\/v2\/comments?post=57"}],"version-history":[{"count":0,"href":"https:\/\/www.lounge8.com\/en\/wp-json\/wp\/v2\/pages\/57\/revisions"}],"wp:attachment":[{"href":"https:\/\/www.lounge8.com\/en\/wp-json\/wp\/v2\/media?parent=57"}],"curies":[{"name":"wp","href":"https:\/\/api.w.org\/{rel}","templated":true}]}}